{"id":10781,"date":"2017-04-25T15:03:01","date_gmt":"2017-04-25T15:03:01","guid":{"rendered":"http:\/\/shade.edge-themes.com\/?page_id=10781"},"modified":"2018-12-27T14:49:08","modified_gmt":"2018-12-27T14:49:08","slug":"home","status":"publish","type":"page","link":"https:\/\/sajutufoto.lv\/pasakumufoto\/","title":{"rendered":"1-home"},"content":{"rendered":"<p>[vc_row full_height=&#8221;yes&#8221; equal_height=&#8221;yes&#8221; css=&#8221;.vc_custom_1494237125941{background-image: url(http:\/\/shade.edge-themes.com\/wp-content\/uploads\/2017\/04\/about-background-img.jpg?id=11795) !important;background-position: center !important;background-repeat: no-repeat !important;background-size: cover !important;}&#8221;][vc_column][vc_row_inner row_content_width=&#8221;grid&#8221; css=&#8221;.vc_custom_1493807756536{padding-top: 14% !important;}&#8221;][vc_column_inner offset=&#8221;vc_col-lg-6 vc_col-md-12&#8243;][vc_column_text]<\/p>\n<h6>Madaras Kurpnieces<\/h6>\n<p>[\/vc_column_text][vc_empty_space height=&#8221;10px&#8221;][vc_column_text]<\/p>\n<h1>Pas\u0101kumu foto<\/h1>\n<p>[\/vc_column_text][vc_empty_space height=&#8221;12px&#8221;][\/vc_column_inner][\/vc_row_inner][vc_row_inner row_content_width=&#8221;grid&#8221;][vc_column_inner css=&#8221;.vc_custom_1493809374759{border-right-width: 1px !important;padding-top: 0px !important;border-right-color: #595959 !important;border-right-style: solid !important;}&#8221; offset=&#8221;vc_col-lg-6 vc_col-md-12&#8243;][vc_column_text css=&#8221;.vc_custom_1545830500422{padding-right: 15% !important;}&#8221;]\u0160\u012b ir m\u0101jaslapa, kas velt\u012bta tiem, kas v\u0113l\u0101s kvalitat\u012bvus pas\u0101kumu foto. Man ir vair\u0101k k\u0101 10 gadu pieredze pas\u0101kumu report\u0101\u017eas fotogr\u0101f\u0113\u0161an\u0101 un esmu fotogr\u0101f\u0113jusi vair\u0101k nek\u0101 300 pas\u0101kumus.[\/vc_column_text][vc_empty_space][\/vc_column_inner][vc_column_inner offset=&#8221;vc_col-lg-6 vc_col-md-12&#8243;][\/vc_column_inner][\/vc_row_inner][vc_row_inner row_content_width=&#8221;grid&#8221; css=&#8221;.vc_custom_1494236727311{padding-bottom: 12.3% !important;}&#8221;][vc_column_inner offset=&#8221;vc_col-lg-6 vc_col-md-12&#8243;][vc_empty_space height=&#8221;30px&#8221;][vc_single_image image=&#8221;10789&#8243; img_size=&#8221;full&#8221;][\/vc_column_inner][vc_column_inner offset=&#8221;vc_col-lg-6 vc_col-md-12&#8243;][\/vc_column_inner][\/vc_row_inner][\/vc_column][\/vc_row]<\/p>\n","protected":false},"excerpt":{"rendered":"<p>[vc_row full_height=&#8221;yes&#8221; equal_height=&#8221;yes&#8221; css=&#8221;.vc_custom_1494237125941{background-image: url(http:\/\/shade.edge-themes.com\/wp-content\/uploads\/2017\/04\/about-background-img.jpg?id=11795) !important;background-position: center !important;background-repeat: no-repeat !important;background-size: cover !important;}&#8221;][vc_column][vc_row_inner row_content_width=&#8221;grid&#8221; css=&#8221;.vc_custom_1493807756536{padding-top: 14% !important;}&#8221;][vc_column_inner offset=&#8221;vc_col-lg-6 vc_col-md-12&#8243;][vc_column_text] Madaras Kurpnieces [\/vc_column_text][vc_empty_space height=&#8221;10px&#8221;][vc_column_text] Pas\u0101kumu foto [\/vc_column_text][vc_empty_space height=&#8221;12px&#8221;][\/vc_column_inner][\/vc_row_inner][vc_row_inner row_content_width=&#8221;grid&#8221;][vc_column_inner css=&#8221;.vc_custom_1493809374759{border-right-width: 1px !important;padding-top: 0px !important;border-right-color: #595959 !important;border-right-style: solid !important;}&#8221; offset=&#8221;vc_col-lg-6 vc_col-md-12&#8243;][vc_column_text css=&#8221;.vc_custom_1545830500422{padding-right: 15% !important;}&#8221;]\u0160\u012b ir m\u0101jaslapa, kas velt\u012bta tiem, [&hellip;]<\/p>\n","protected":false},"author":1,"featured_media":0,"parent":0,"menu_order":0,"comment_status":"closed","ping_status":"closed","template":"full-width.php","meta":{"footnotes":""},"class_list":["post-10781","page","type-page","status-publish","hentry"],"_links":{"self":[{"href":"https:\/\/sajutufoto.lv\/pasakumufoto\/wp-json\/wp\/v2\/pages\/10781","targetHints":{"allow":["GET"]}}],"collection":[{"href":"https:\/\/sajutufoto.lv\/pasakumufoto\/wp-json\/wp\/v2\/pages"}],"about":[{"href":"https:\/\/sajutufoto.lv\/pasakumufoto\/wp-json\/wp\/v2\/types\/page"}],"author":[{"embeddable":true,"href":"https:\/\/sajutufoto.lv\/pasakumufoto\/wp-json\/wp\/v2\/users\/1"}],"replies":[{"embeddable":true,"href":"https:\/\/sajutufoto.lv\/pasakumufoto\/wp-json\/wp\/v2\/comments?post=10781"}],"version-history":[{"count":27,"href":"https:\/\/sajutufoto.lv\/pasakumufoto\/wp-json\/wp\/v2\/pages\/10781\/revisions"}],"predecessor-version":[{"id":13766,"href":"https:\/\/sajutufoto.lv\/pasakumufoto\/wp-json\/wp\/v2\/pages\/10781\/revisions\/13766"}],"wp:attachment":[{"href":"https:\/\/sajutufoto.lv\/pasakumufoto\/wp-json\/wp\/v2\/media?parent=10781"}],"curies":[{"name":"wp","href":"https:\/\/api.w.org\/{rel}","templated":true}]}}